{"id":631,"date":"2024-01-19T20:31:43","date_gmt":"2024-01-19T18:31:43","guid":{"rendered":"https:\/\/comforliving.ch\/?page_id=631"},"modified":"2024-01-28T18:36:36","modified_gmt":"2024-01-28T16:36:36","slug":"ueber-uns","status":"publish","type":"page","link":"https:\/\/comforliving.ch\/?page_id=631","title":{"rendered":"\u00dcber uns"},"content":{"rendered":"\n<p>Als unabh\u00e4ngige Berater stehen Wir Ihnen sehr gerne zur Verf\u00fcgung.<\/p>\n\n\n\n<p>Als erster Ansprechpartner werden wir uns sehr gerne Ihren Fragen und Anliegen annehmen.  <\/p>\n\n\n\n<p>Durch Hochschulabschl\u00fcsse im Bereich Energie- und Geb\u00e4udetechnik und Wirtschaft sowie jahrelanger Erfahrung in der Ausf\u00fchrung und Planung von Geb\u00e4udetechnikanlagen beraten wir Sie sehr gerne pers\u00f6nlich.<\/p>\n\n\n\n<p>Kontaktieren Sie uns, wir sind gerne f\u00fcr Sie da.<\/p>\n\n\n\n<p><\/p>\n\n\n\n<p><strong>Schl\u00fcsselreferenzen<\/strong><\/p>\n\n\n\n<ul class=\"wp-block-list\">\n<li>private Kontrollen Heizungs- und Klimatechnik<\/li>\n\n\n\n<li>Beratung Legionellenmassnahmen \u00f6ffentlicher und privater Geb\u00e4ude<\/li>\n\n\n\n<li>Wirtschaftlichkeitsberechnungen  W\u00e4rmeerzeugeranlagen<\/li>\n\n\n\n<li>Energie- und Wirtschaftlichkeitsberatung kleineren, mittleren und gr\u00f6sseren Liegenschaften<\/li>\n\n\n\n<li>Zustandsanalyse Geb\u00e4udetechnikanlagen inkl. Optimimierungsvorschl\u00e4ge (Massnahmenkatalog)<\/li>\n<\/ul>\n\n\n\n<p><\/p>\n\n\n\n<p>Sehr gerne geben wir Ihnen pers\u00f6nlich Auskunft. F\u00fcr ein erstes unverbindliches Beratungsgespr\u00e4ch d\u00fcrfen Sie uns gerne kontaktieren.<\/p>\n\n\n\n<p><\/p>\n","protected":false},"excerpt":{"rendered":"<p>Als unabh\u00e4ngige Berater stehen Wir Ihnen sehr gerne zur Verf\u00fcgung. Als erster Ansprechpartner werden wir uns sehr gerne Ihren Fragen und Anliegen annehmen. Durch Hochschulabschl\u00fcsse im Bereich Energie- und Geb\u00e4udetechnik und Wirtschaft sowie jahrelanger Erfahrung in der Ausf\u00fchrung und Planung von Geb\u00e4udetechnikanlagen beraten wir Sie sehr gerne pers\u00f6nlich. Kontaktieren Sie&#8230;<\/p>\n","protected":false},"author":1,"featured_media":0,"parent":0,"menu_order":0,"comment_status":"closed","ping_status":"closed","template":"","meta":{"footnotes":""},"class_list":["post-631","page","type-page","status-publish","hentry"],"_links":{"self":[{"href":"https:\/\/comforliving.ch\/index.php?rest_route=\/wp\/v2\/pages\/631","targetHints":{"allow":["GET"]}}],"collection":[{"href":"https:\/\/comforliving.ch\/index.php?rest_route=\/wp\/v2\/pages"}],"about":[{"href":"https:\/\/comforliving.ch\/index.php?rest_route=\/wp\/v2\/types\/page"}],"author":[{"embeddable":true,"href":"https:\/\/comforliving.ch\/index.php?rest_route=\/wp\/v2\/users\/1"}],"replies":[{"embeddable":true,"href":"https:\/\/comforliving.ch\/index.php?rest_route=%2Fwp%2Fv2%2Fcomments&post=631"}],"version-history":[{"count":9,"href":"https:\/\/comforliving.ch\/index.php?rest_route=\/wp\/v2\/pages\/631\/revisions"}],"predecessor-version":[{"id":673,"href":"https:\/\/comforliving.ch\/index.php?rest_route=\/wp\/v2\/pages\/631\/revisions\/673"}],"wp:attachment":[{"href":"https:\/\/comforliving.ch\/index.php?rest_route=%2Fwp%2Fv2%2Fmedia&parent=631"}],"curies":[{"name":"wp","href":"https:\/\/api.w.org\/{rel}","templated":true}]}}