{"id":41,"date":"2022-01-11T01:35:57","date_gmt":"2022-01-11T01:35:57","guid":{"rendered":"https:\/\/comforliving.ch\/wordpress\/?page_id=41"},"modified":"2024-01-28T18:38:05","modified_gmt":"2024-01-28T16:38:05","slug":"kompetenzen","status":"publish","type":"page","link":"https:\/\/comforliving.ch\/?page_id=41","title":{"rendered":"Unsere Dienstleistungen"},"content":{"rendered":"\n<p><\/p>\n\n\n\n<h2 class=\"wp-block-heading\">unabh\u00e4ngige, produkt- und herstellerneutrale Fachberatung<\/h2>\n\n\n\n<p><strong>Geb\u00e4udeanalyse in der Geb\u00e4udetechnik<\/strong><\/p>\n\n\n\n<p>Sie sind sich dem Zustand Ihrer Immobilie im Bereich der Geb\u00e4udetechnikanlagen nicht sicher? Sie suchen nach Ideen wie ein in die Jahre gekommenes Geb\u00e4ude mit neuen Ideen und technischen M\u00f6glichkeiten saniert werden kann? Wir helfen Ihnen gerne dabei.<\/p>\n\n\n\n<ul class=\"wp-block-list\">\n<li>Sanierungsm\u00f6glichkeiten und Raumkonzepte<\/li>\n\n\n\n<li>Geb\u00e4ude &#8211; Zustandsanalyseanalyse Geb\u00e4udetechnikanlagen, Expertise<\/li>\n\n\n\n<li>Grobkostenanalyse und Machbarkeiten<\/li>\n\n\n\n<li>Beratung und Empfehlung m\u00f6gliches Vorgehen (Entwicklung, Vermarktung)   <\/li>\n<\/ul>\n\n\n\n<p><strong>Energie- und Bauherrenberatung im Bauwesen<\/strong><\/p>\n\n\n\n<p>Das gesamte Geb\u00e4ude kennen lernen, Risiken und Chancen erkennen um Sie dann unabh\u00e4ngig zu Beraten mit einem fachtechnischen IST-SOLL Vergleich? Energetische Bewertung des Geb\u00e4udes, Wirtschaftlichkeit der Geb\u00e4udetechnikanlagen pr\u00fcfen und berechnen um Ihnen so Einspar- und Verbesserungspotential aufzeigen zu k\u00f6nnen? Fragen rund um Energie und Geb\u00e4udetechnik, dann kontaktieren Sie uns.<\/p>\n\n\n\n<ul class=\"wp-block-list\">\n<li>Energie- und \u00d6kologiebetrachtung, Marktwertanalyse<\/li>\n\n\n\n<li>Private Kontrollen Heizung, &#8211; L\u00fcftungsanlagen<\/li>\n\n\n\n<li>Minergie, Minergie P, Grenzwerte<\/li>\n\n\n\n<li>Neubau- und Sanierungen<\/li>\n\n\n\n<li>Heizlastberechnungen und L\u00fcftungsverluste<\/li>\n\n\n\n<li>Trink- und Warmwasseroptimierungen<\/li>\n<\/ul>\n\n\n\n<figure class=\"wp-block-image size-large\"><img loading=\"lazy\" decoding=\"async\" width=\"1024\" height=\"551\" src=\"https:\/\/comforliving.ch\/wordpress\/wp-content\/uploads\/2024\/01\/image-13-1024x551.png\" alt=\"\" class=\"wp-image-674\" srcset=\"https:\/\/comforliving.ch\/wordpress\/wp-content\/uploads\/2024\/01\/image-13-1024x551.png 1024w, https:\/\/comforliving.ch\/wordpress\/wp-content\/uploads\/2024\/01\/image-13-300x161.png 300w, https:\/\/comforliving.ch\/wordpress\/wp-content\/uploads\/2024\/01\/image-13-768x413.png 768w, https:\/\/comforliving.ch\/wordpress\/wp-content\/uploads\/2024\/01\/image-13.png 1334w\" sizes=\"auto, (max-width: 1024px) 100vw, 1024px\" \/><\/figure>\n\n\n\n<p><br><strong>Eigentum und Vermietung<\/strong><\/p>\n\n\n\n<p>ComforLiving GmbH hilft Ihnen sehr gerne bei der Vermietung oder Vermarktung Ihrer Immobilien.<\/p>\n\n\n\n<ul class=\"wp-block-list\">\n<li>Vermietungsmanagement<\/li>\n\n\n\n<li>Verkaufsmanagament<\/li>\n<\/ul>\n\n\n\n<p><\/p>\n\n\n\n<p><\/p>\n\n\n\n<p><em><strong><mark style=\"background-color:rgba(0, 0, 0, 0)\" class=\"has-inline-color has-black-color\">Ihre W\u00fcnsche sind unsere Ziele&#8230;&#8230;&#8230;.<\/mark><\/strong><\/em><\/p>\n\n\n\n<p>unverbindliche Ersttberatung, schreiben Sie uns per Mail mit folgenden Eckdaten und wir melden uns umgehend f\u00fcr eine unverbindliche Terminvereinbarung.<\/p>\n\n\n\n<ul class=\"wp-block-list\">\n<li>Kontaktdaten<\/li>\n\n\n\n<li>Ziel der Beratung                                                                                                                                                                     &#8211; &#8211; sofort Energie sparen &#8211; Beratung und Begleitung Sanierung, Baumassnahmen &#8211; Immobilienkauf, Zustandsbeurteilung und Wertabsch\u00e4tzung, oder weiteres<\/li>\n\n\n\n<li>falls Wunschtermine vorhanden diese einfach mit angeben<\/li>\n<\/ul>\n","protected":false},"excerpt":{"rendered":"<p>unabh\u00e4ngige, produkt- und herstellerneutrale Fachberatung Geb\u00e4udeanalyse in der Geb\u00e4udetechnik Sie sind sich dem Zustand Ihrer Immobilie im Bereich der Geb\u00e4udetechnikanlagen nicht sicher? Sie suchen nach Ideen wie ein in die Jahre gekommenes Geb\u00e4ude mit neuen Ideen und technischen M\u00f6glichkeiten saniert werden kann? Wir helfen Ihnen gerne dabei. Energie- und Bauherrenberatung&#8230;<\/p>\n","protected":false},"author":1,"featured_media":0,"parent":0,"menu_order":0,"comment_status":"closed","ping_status":"closed","template":"","meta":{"footnotes":""},"class_list":["post-41","page","type-page","status-publish","hentry"],"_links":{"self":[{"href":"https:\/\/comforliving.ch\/index.php?rest_route=\/wp\/v2\/pages\/41","targetHints":{"allow":["GET"]}}],"collection":[{"href":"https:\/\/comforliving.ch\/index.php?rest_route=\/wp\/v2\/pages"}],"about":[{"href":"https:\/\/comforliving.ch\/index.php?rest_route=\/wp\/v2\/types\/page"}],"author":[{"embeddable":true,"href":"https:\/\/comforliving.ch\/index.php?rest_route=\/wp\/v2\/users\/1"}],"replies":[{"embeddable":true,"href":"https:\/\/comforliving.ch\/index.php?rest_route=%2Fwp%2Fv2%2Fcomments&post=41"}],"version-history":[{"count":24,"href":"https:\/\/comforliving.ch\/index.php?rest_route=\/wp\/v2\/pages\/41\/revisions"}],"predecessor-version":[{"id":676,"href":"https:\/\/comforliving.ch\/index.php?rest_route=\/wp\/v2\/pages\/41\/revisions\/676"}],"wp:attachment":[{"href":"https:\/\/comforliving.ch\/index.php?rest_route=%2Fwp%2Fv2%2Fmedia&parent=41"}],"curies":[{"name":"wp","href":"https:\/\/api.w.org\/{rel}","templated":true}]}}